{"id":201,"date":"2018-03-20T14:26:20","date_gmt":"2018-03-20T14:26:20","guid":{"rendered":"http:\/\/stiftung-perspektive-usedom.de\/?page_id=201"},"modified":"2022-08-06T05:23:20","modified_gmt":"2022-08-06T05:23:20","slug":"foerderer","status":"publish","type":"page","link":"http:\/\/stiftung-perspektive-usedom.de\/?page_id=201","title":{"rendered":"F\u00f6rderer"},"content":{"rendered":"<p>Durch unsere F\u00f6rderer k\u00f6nnen wir mehr bewegen und manches w\u00e4re ohne einen Sponsor oder einer helfenden Hand nicht zu realisieren. An dieser Stelle danken wir all unseren F\u00f6rderern, auch denen, die hier nicht genannt werden wollen oder k\u00f6nnen:<\/p>\n<ul>\n<li>Beckert, Hannelore; Wolgast<\/li>\n<li>Behm, Familie; Usedom\/Westkl\u00fcne<\/li>\n<li>Dauer Bau GmbH; Heringsdorf<\/li>\n<li><a href=\"https:\/\/www.postcode-lotterie.de\/\">Deutsche Postcode Lotterie<\/a><\/li>\n<li><a href=\"http:\/\/www.ehrenamtsstiftung-mv.de\">Ehrenamtsstiftung Mecklenburg-Vorpommern<\/a><\/li>\n<li>Eichlers Schreib- und Spielwaren, Karlshagen<\/li>\n<li>G\u00fcnther, B\u00e4rbel; Berlin und Usedom\/Zecherin<\/li>\n<li>Kitzig Baumaschinenverleih; Neppermin<\/li>\n<li>Kl\u00fcnter, Tanja; Koserow<\/li>\n<li>K\u00f6hler, Norbert, Dr.; Usedom<\/li>\n<li><a href=\"https:\/\/www.vorpommersche-kueste.de\/\">LEADER in MV<\/a><\/li>\n<li>Lehnig, Wolfgang; Berlin<\/li>\n<li>Mai, Michael; Berlin<\/li>\n<li><a href=\"http:\/\/www.mainetcare.de\">MaiNetCare GmbH; Berlin<\/a><\/li>\n<li><a href=\"http:\/\/www.nue-stiftung.de\/\">Norddeutsche Stiftung f\u00fcr Umwelt und Entwicklung<\/a><\/li>\n<li>Pasch, Petra; Usedom\/Karnin<\/li>\n<li><a href=\"https:\/\/www.rehaklinik-seebadahlbeck.de\/\">Rehaklinik Seebad Ahlbeck<\/a><\/li>\n<li>Riggert, J\u00fcrgen; Greifswald<\/li>\n<li>Rux, Silvana; Rubkow<\/li>\n<li>Scholten, Frank; Usedom\/Karnin<\/li>\n<li>Schramm, Dirk (Gut Thurbruch); Lab\u00f6mitz<\/li>\n<li><a href=\"http:\/\/www.spk-vorpommern.de\">Sparkasse Vorpommern<\/a><\/li>\n<li><a href=\"https:\/\/stiftung-naturschutz-mv.de\/\">Stiftung Umwelt- und Naturschutz Mecklenburg-Vorpommern<\/a><\/li>\n<li>Touristeninformation Seebad Heringsdorf<\/li>\n<li>Voth, Roland; Usedom<\/li>\n<li>Wehner, Ralf; Usedom\/Karnin<\/li>\n<li>Wollmuth, Claudia; Sassnitz (Erstellung der Website)<\/li>\n<li>Zander, Eva &amp; Tom; Berlin<\/li>\n<li><a href=\"https:\/\/www.zukunftsstiftung-landwirtschaft.de\/\">Zukunftsstiftung Landwirtschaft<\/a><\/li>\n<\/ul>\n","protected":false},"excerpt":{"rendered":"<p>Durch unsere F\u00f6rderer k\u00f6nnen wir mehr bewegen und manches w\u00e4re ohne einen Sponsor oder einer helfenden Hand nicht zu realisieren. An dieser Stelle danken wir all unseren F\u00f6rderern, auch denen, die hier nicht genannt werden wollen oder k\u00f6nnen: Beckert, Hannelore; Wolgast Behm, Familie; Usedom\/Westkl\u00fcne Dauer Bau GmbH; Heringsdorf Deutsche Postcode Lotterie Ehrenamtsstiftung Mecklenburg-Vorpommern Eichlers Schreib- <a href=\"http:\/\/stiftung-perspektive-usedom.de\/?page_id=201\" class=\"more-link\">...weiterlesen<span class=\"screen-reader-text\"> \"F\u00f6rderer\"<\/span><\/a><\/p>\n","protected":false},"author":1,"featured_media":0,"parent":85,"menu_order":0,"comment_status":"closed","ping_status":"closed","template":"page-templates\/full-width.php","meta":{"footnotes":""},"class_list":["post-201","page","type-page","status-publish","h-entry","hentry","h-as-page"],"_links":{"self":[{"href":"http:\/\/stiftung-perspektive-usedom.de\/index.php?rest_route=\/wp\/v2\/pages\/201","targetHints":{"allow":["GET"]}}],"collection":[{"href":"http:\/\/stiftung-perspektive-usedom.de\/index.php?rest_route=\/wp\/v2\/pages"}],"about":[{"href":"http:\/\/stiftung-perspektive-usedom.de\/index.php?rest_route=\/wp\/v2\/types\/page"}],"author":[{"embeddable":true,"href":"http:\/\/stiftung-perspektive-usedom.de\/index.php?rest_route=\/wp\/v2\/users\/1"}],"replies":[{"embeddable":true,"href":"http:\/\/stiftung-perspektive-usedom.de\/index.php?rest_route=%2Fwp%2Fv2%2Fcomments&post=201"}],"version-history":[{"count":24,"href":"http:\/\/stiftung-perspektive-usedom.de\/index.php?rest_route=\/wp\/v2\/pages\/201\/revisions"}],"predecessor-version":[{"id":442,"href":"http:\/\/stiftung-perspektive-usedom.de\/index.php?rest_route=\/wp\/v2\/pages\/201\/revisions\/442"}],"up":[{"embeddable":true,"href":"http:\/\/stiftung-perspektive-usedom.de\/index.php?rest_route=\/wp\/v2\/pages\/85"}],"wp:attachment":[{"href":"http:\/\/stiftung-perspektive-usedom.de\/index.php?rest_route=%2Fwp%2Fv2%2Fmedia&parent=201"}],"curies":[{"name":"wp","href":"https:\/\/api.w.org\/{rel}","templated":true}]}}