{"id":388,"date":"2020-07-21T22:28:53","date_gmt":"2020-07-21T22:28:53","guid":{"rendered":"http:\/\/stiftung-perspektive-usedom.de\/?page_id=388"},"modified":"2020-07-22T06:58:29","modified_gmt":"2020-07-22T06:58:29","slug":"rehkitzrettung","status":"publish","type":"page","link":"http:\/\/stiftung-perspektive-usedom.de\/?page_id=388","title":{"rendered":"Rehkitzrettung"},"content":{"rendered":"<p><span style=\"font-family: Arial, sans-serif;\"><span style=\"font-size: small;\"><b>Warum Rehkitzrettung?<br \/>\n<\/b><\/span><\/span><span style=\"font-family: Arial, sans-serif;\"><span style=\"font-size: small;\">In Deutschland kommen nach konservativen Sch\u00e4tzungen j\u00e4hrlich ca. 500.000 Tiere bei der Mahd ums Leben, davon ca. 100.000 Rehkitze.<br \/>\n<\/span><\/span><span style=\"font-family: Arial, sans-serif;\"><span style=\"font-size: small;\">Rehkitze verharren in Gefahrensituationen auf der Stelle. Deshalb sind diese Tiere extrem gef\u00e4hrdet, bei der Mahd get\u00f6tet oder schwer verletzt zu werden und qualvoll zu verenden.<\/span><\/span><\/p>\n<p align=\"JUSTIFY\"><span style=\"font-family: Arial, sans-serif;\"><span style=\"font-size: small;\">Ein <b>Auffinden der Kitze<br \/>\n<\/b><\/span><\/span><span style=\"font-family: Arial, sans-serif;\"><span style=\"font-size: small;\">gestaltet sich mit herk\u00f6mmlichen Methoden als sehr schwierig, da man diese aus einem Abstand von 1-2 Metern oft nicht mehr sehen kann. Rehkitze sind in den ersten Wochen geruchlos, weshalb sie auch nicht durch Hunde aufgesp\u00fcrt werden k\u00f6nnen.<br \/>\n<\/span><\/span><span style=\"font-family: Arial, sans-serif;\"><span style=\"font-size: small;\">Als effizient hat sich der Einsatz von Drohnen mit W\u00e4rmebildkameras herausgestellt, um Rehkitze mit einer hohen Sicherheit finden zu k\u00f6nnen, i.d.R. jedoch im Morgengrauen, solange die Sonneneinstrahlung den Boden noch nicht zu sehr erw\u00e4rmt hat \u2013 also bis ca. 07:30 Uhr.<\/span><\/span><\/p>\n<p align=\"JUSTIFY\"><span style=\"font-family: Arial, sans-serif;\"><span style=\"font-size: small;\"><b>Unsere Vorgehensweise<br \/>\n<\/b><\/span><\/span><span style=\"font-family: Arial, sans-serif;\"><span style=\"font-size: small;\">bei der Rehkitzrettung beginnt bereits in der Vorbereitung, indem wir die Wiesen der mit uns kooperierenden Landwirte erfassen und in unseren Unterlagen verzeichnen. <\/span><\/span><span style=\"font-family: Arial, sans-serif;\"><span style=\"font-size: small;\">Hierdurch gestaltet sich die Kommunikation mit den Landwirten bei der Mahd eindeutig, kurz und pr\u00e4zise.<br \/>\nLandwirte melden uns die zu m\u00e4henden Wiesen am Tag vor der Mahd, so dass wir die Eins\u00e4tze disponieren und planen k\u00f6nnen. Die Rehkitzrettung f\u00fchren wir mit Beginn der Mahd, i.d.R. ab Mitte Mai durch und stellen unsere Aktivit\u00e4ten Ende Juni ein, weil die Kitze in der zweiten Junih\u00e4lfte i.d.R. bereits fl\u00fcchten und die Gefahr f\u00fcr die Kitze deutlich abnimmt. Unsere Eins\u00e4tze vor Ort beginnen i.d.R. Um 04:00 morgens und enden gegen 07:00 bis 07:30. Die Wiesen fliegen wir mit Drohnen ab und schaffen hierbei einen ha in ca. 3-4 Minuten. Die Drohne fliegt die Wiesen hierbei in vorprogrammierten Bahnen systematisch ab. W\u00e4hrend der Drohnenpilot das W\u00e4rmebild der Kamera \u00fcberwacht, folgen (i.d.R. 2) Spotter in der Wiese der Hauptflugrichtung der Drohne. Wird \u00fcber die W\u00e4rmebildkamera ein Kitz gefunden, so wird die Drohne angehalten und ein Spotter \u00fcber Funk zur Fundstelle dirigiert. Die Rekkitze sichern wir, indem wir die Kitze mit einem umgebauten Strandwindschutz einhausen und unmittelbar nach der Mahd wieder entfernen. Der Landwirt wird nach unserer Suchaktion von uns \u00fcber Wildbewegungen informiert und er l\u00e4sst bei der Mahd die eingehausten Fl\u00e4chen aus. <\/span><\/span><\/p>\n<p align=\"JUSTIFY\"><span style=\"font-family: Arial, sans-serif;\"><span style=\"font-size: small;\"><b>Eingesetzte Technik<br \/>\n<\/b><\/span><\/span><span style=\"font-family: Arial, sans-serif;\"><span style=\"font-size: small;\">Wir setzen zur Rehkitzrettung drei Drohnen vom Typ Yuneec H520 ein, die jeweils mit einer W\u00e4rmebildkamera E10T ausgestattet sind. Die E10T Kamera erm\u00f6glicht uns ein \u00fcberfliegen der Wiesen in ca. 40 Meter H\u00f6he, wodurch Hochspannungsleitungen oder B\u00e4ume sicher \u00fcberflogen werden k\u00f6nnen. F\u00fcr den Betrieb der Drohnen ist eine Betriebserlaubnis der Luftfahrtbeh\u00f6rde erforderlich, ebenso ein Drohnenf\u00fchrerschein f\u00fcr den Piloten.<br \/>\n<\/span><\/span><span style=\"font-family: Arial, sans-serif;\"><span style=\"font-size: small;\">Bei gr\u00f6\u00dferen Feldern setzen wir zus\u00e4tzlich ein Quad ein, um lange Laufstrecken schnell \u00fcberwinden zu k\u00f6nnen, insbesondere wenn ein neuer, weiterer Windschutz zum Einhausen weiterer Rehkitze von der Basisstation geholt werden muss.<\/p>\n<p><\/span><\/span><span style=\"font-family: Arial, sans-serif;\"><span style=\"font-size: small;\"><b>Einsatzgebiet<br \/>\n<\/b><\/span><\/span><span style=\"font-family: Arial, sans-serif;\"><span style=\"font-size: small;\">Wir sind auf der Insel Usedom und dem angrenzenden Festland aktiv, bevorzugt in einem Radius von 25-30 km um die Stadt Usedom. <\/span><\/span><\/p>\n<p align=\"JUSTIFY\"><span style=\"font-family: Arial, sans-serif;\"><span style=\"font-size: small;\">Eine <b>Unterst\u00fctzung<br \/>\n<\/b><\/span><\/span><span style=\"font-family: Arial, sans-serif;\"><span style=\"font-size: small;\">unser ehrenamtlichen, f\u00fcr Landwirte kostenfreie Rehkitzrettung ist m\u00f6glich, indem Sie sich mit einer Spende oder durch Ihren pers\u00f6nlichen Einsatz bei der Suche nach Kitzen engagieren. Helfer sind uns jederzeit willkommen \u2013 unser Team freut sich \u00fcber jede Unterst\u00fctzung. Da wir mit drei Drohnen arbeiten, k\u00f6nnen wir auch mehrere Landwirte gleichzeitig unterst\u00fctzen - hierzu fehlt es uns leider oft an ausreichend Helfern.<br \/>\n<\/span><\/span><\/p>\n<p align=\"JUSTIFY\"><span style=\"font-family: Arial, sans-serif;\"><span style=\"font-size: small;\">Neuen <b>Rehkitzretterungsorganisationen<br \/>\n<\/b><\/span><\/span><span style=\"font-family: Arial, sans-serif;\"><span style=\"font-size: small;\">stehen wir gerne mit Rat und Tat zur Seite, um diesen den Einstieg in die Rehkitzrettung zu erleichtern. Uns ist daran gelegen, dass sich Rehkitzretter fl\u00e4chendeckend formieren, um unn\u00f6tiges Leid von Wildtieren zu reduzieren.<br \/>\n<\/span><\/span><span style=\"font-family: Arial, sans-serif;\"><span style=\"font-size: small;\">M\u00f6chten Sie sich einer bestehenden Organisation anschlie\u00dfen, um selbst zu helfen oder eine Rehkitzrettung in Anspruch nehmen, so werden Sie auf diversen Verzeichnissen von Rehkitzrettern f\u00fcndig, wie z.B.: bei der <a href=\"https:\/\/www.deutschewildtierstiftung.de\/naturschutz\/reh-stoppt-den-maehtod\">Deutschen Wildtier Stiftung<\/a>.<br \/>\n<\/span><\/span><\/p>\n","protected":false},"excerpt":{"rendered":"<p>Warum Rehkitzrettung? In Deutschland kommen nach konservativen Sch\u00e4tzungen j\u00e4hrlich ca. 500.000 Tiere bei der Mahd ums Leben, davon ca. 100.000 Rehkitze. Rehkitze verharren in Gefahrensituationen auf der Stelle. Deshalb sind diese Tiere extrem gef\u00e4hrdet, bei der Mahd get\u00f6tet oder schwer verletzt zu werden und qualvoll zu verenden. Ein Auffinden der Kitze gestaltet sich mit herk\u00f6mmlichen <a href=\"http:\/\/stiftung-perspektive-usedom.de\/?page_id=388\" class=\"more-link\">...weiterlesen<span class=\"screen-reader-text\"> \"Rehkitzrettung\"<\/span><\/a><\/p>\n","protected":false},"author":1,"featured_media":0,"parent":63,"menu_order":0,"comment_status":"closed","ping_status":"closed","template":"page-templates\/full-width.php","meta":{"footnotes":""},"class_list":["post-388","page","type-page","status-publish","h-entry","hentry","h-as-page"],"_links":{"self":[{"href":"http:\/\/stiftung-perspektive-usedom.de\/index.php?rest_route=\/wp\/v2\/pages\/388","targetHints":{"allow":["GET"]}}],"collection":[{"href":"http:\/\/stiftung-perspektive-usedom.de\/index.php?rest_route=\/wp\/v2\/pages"}],"about":[{"href":"http:\/\/stiftung-perspektive-usedom.de\/index.php?rest_route=\/wp\/v2\/types\/page"}],"author":[{"embeddable":true,"href":"http:\/\/stiftung-perspektive-usedom.de\/index.php?rest_route=\/wp\/v2\/users\/1"}],"replies":[{"embeddable":true,"href":"http:\/\/stiftung-perspektive-usedom.de\/index.php?rest_route=%2Fwp%2Fv2%2Fcomments&post=388"}],"version-history":[{"count":4,"href":"http:\/\/stiftung-perspektive-usedom.de\/index.php?rest_route=\/wp\/v2\/pages\/388\/revisions"}],"predecessor-version":[{"id":396,"href":"http:\/\/stiftung-perspektive-usedom.de\/index.php?rest_route=\/wp\/v2\/pages\/388\/revisions\/396"}],"up":[{"embeddable":true,"href":"http:\/\/stiftung-perspektive-usedom.de\/index.php?rest_route=\/wp\/v2\/pages\/63"}],"wp:attachment":[{"href":"http:\/\/stiftung-perspektive-usedom.de\/index.php?rest_route=%2Fwp%2Fv2%2Fmedia&parent=388"}],"curies":[{"name":"wp","href":"https:\/\/api.w.org\/{rel}","templated":true}]}}