{"id":66,"date":"2018-01-16T15:18:07","date_gmt":"2018-01-16T15:18:07","guid":{"rendered":"http:\/\/stiftung-perspektive-usedom.de\/?page_id=66"},"modified":"2019-10-19T15:55:51","modified_gmt":"2019-10-19T15:55:51","slug":"ihr-engagement","status":"publish","type":"page","link":"http:\/\/stiftung-perspektive-usedom.de\/?page_id=66","title":{"rendered":"Ihr Engagement"},"content":{"rendered":"<p>Sie k\u00f6nnen das Engagement der Stiftung Perspektive Usedom mit einer Spende oder auch durch eine Zustiftung unterst\u00fctzen.<\/p>\n<p>Bei eine Spende flie\u00dft Ihre Unterst\u00fctzung unmittelbar und vollst\u00e4ndig in ein laufendes Projekt.<\/p>\n<p>Durch eine Zustiftung erh\u00f6hen Sie das Verm\u00f6gen der Stiftung. Das Verm\u00f6gen bleibt unangetastet, die Zinsertr\u00e4ge werden f\u00fcr Projekte der Stiftung verwendet. Damit wirkt eine Zustiftung langfristig und dauerhaft.<\/p>\n<p>Spenden und Zustiftungen sind steuerlich abzugsf\u00e4hig. Ab EUR 200 ben\u00f6tigen Sie hierzu eine Zuwendungsbest\u00e4tigung. Gerne stellen wir Ihnen f\u00fcr Ihr Engagement eine Zuwendungsbest\u00e4tigung aus, wenn Sie uns hierzu Ihre Adresse mitteilen - am einfachsten als Information im Verwendungszweck der \u00dcberweisung.<\/p>\n","protected":false},"excerpt":{"rendered":"<p>Sie k\u00f6nnen das Engagement der Stiftung Perspektive Usedom mit einer Spende oder auch durch eine Zustiftung unterst\u00fctzen. Bei eine Spende flie\u00dft Ihre Unterst\u00fctzung unmittelbar und vollst\u00e4ndig in ein laufendes Projekt. Durch eine Zustiftung erh\u00f6hen Sie das Verm\u00f6gen der Stiftung. Das Verm\u00f6gen bleibt unangetastet, die Zinsertr\u00e4ge werden f\u00fcr Projekte der Stiftung verwendet. Damit wirkt eine Zustiftung <a href=\"http:\/\/stiftung-perspektive-usedom.de\/?page_id=66\" class=\"more-link\">...weiterlesen<span class=\"screen-reader-text\"> \"Ihr Engagement\"<\/span><\/a><\/p>\n","protected":false},"author":1,"featured_media":0,"parent":0,"menu_order":0,"comment_status":"closed","ping_status":"closed","template":"page-templates\/full-width.php","meta":{"footnotes":""},"class_list":["post-66","page","type-page","status-publish","h-entry","hentry","h-as-page"],"_links":{"self":[{"href":"http:\/\/stiftung-perspektive-usedom.de\/index.php?rest_route=\/wp\/v2\/pages\/66","targetHints":{"allow":["GET"]}}],"collection":[{"href":"http:\/\/stiftung-perspektive-usedom.de\/index.php?rest_route=\/wp\/v2\/pages"}],"about":[{"href":"http:\/\/stiftung-perspektive-usedom.de\/index.php?rest_route=\/wp\/v2\/types\/page"}],"author":[{"embeddable":true,"href":"http:\/\/stiftung-perspektive-usedom.de\/index.php?rest_route=\/wp\/v2\/users\/1"}],"replies":[{"embeddable":true,"href":"http:\/\/stiftung-perspektive-usedom.de\/index.php?rest_route=%2Fwp%2Fv2%2Fcomments&post=66"}],"version-history":[{"count":6,"href":"http:\/\/stiftung-perspektive-usedom.de\/index.php?rest_route=\/wp\/v2\/pages\/66\/revisions"}],"predecessor-version":[{"id":355,"href":"http:\/\/stiftung-perspektive-usedom.de\/index.php?rest_route=\/wp\/v2\/pages\/66\/revisions\/355"}],"wp:attachment":[{"href":"http:\/\/stiftung-perspektive-usedom.de\/index.php?rest_route=%2Fwp%2Fv2%2Fmedia&parent=66"}],"curies":[{"name":"wp","href":"https:\/\/api.w.org\/{rel}","templated":true}]}}