{"id":85,"date":"2018-01-17T11:31:57","date_gmt":"2018-01-17T11:31:57","guid":{"rendered":"http:\/\/stiftung-perspektive-usedom.de\/?page_id=85"},"modified":"2019-10-19T15:56:47","modified_gmt":"2019-10-19T15:56:47","slug":"foerderer-partner","status":"publish","type":"page","link":"http:\/\/stiftung-perspektive-usedom.de\/?page_id=85","title":{"rendered":"F\u00f6rderer \/ Partner"},"content":{"rendered":"<p>Unser Dank gilt all unseren F\u00f6rderern und Partnern, die uns in der Umsetzung unserer Vorhaben unterst\u00fctzen. Dank dieser Unterst\u00fctzung k\u00f6nnen wir mehr bewegen, zum Wohle der Gesellschaft.<\/p>\n<p>&nbsp;<\/p>\n<p>&nbsp;<\/p>\n<p>&nbsp;<\/p>\n","protected":false},"excerpt":{"rendered":"<p>Unser Dank gilt all unseren F\u00f6rderern und Partnern, die uns in der Umsetzung unserer Vorhaben unterst\u00fctzen. Dank dieser Unterst\u00fctzung k\u00f6nnen wir mehr bewegen, zum Wohle der Gesellschaft. &nbsp; &nbsp; &nbsp;<\/p>\n","protected":false},"author":1,"featured_media":0,"parent":0,"menu_order":0,"comment_status":"closed","ping_status":"closed","template":"page-templates\/full-width.php","meta":{"footnotes":""},"class_list":["post-85","page","type-page","status-publish","h-entry","hentry","h-as-page"],"_links":{"self":[{"href":"http:\/\/stiftung-perspektive-usedom.de\/index.php?rest_route=\/wp\/v2\/pages\/85","targetHints":{"allow":["GET"]}}],"collection":[{"href":"http:\/\/stiftung-perspektive-usedom.de\/index.php?rest_route=\/wp\/v2\/pages"}],"about":[{"href":"http:\/\/stiftung-perspektive-usedom.de\/index.php?rest_route=\/wp\/v2\/types\/page"}],"author":[{"embeddable":true,"href":"http:\/\/stiftung-perspektive-usedom.de\/index.php?rest_route=\/wp\/v2\/users\/1"}],"replies":[{"embeddable":true,"href":"http:\/\/stiftung-perspektive-usedom.de\/index.php?rest_route=%2Fwp%2Fv2%2Fcomments&post=85"}],"version-history":[{"count":11,"href":"http:\/\/stiftung-perspektive-usedom.de\/index.php?rest_route=\/wp\/v2\/pages\/85\/revisions"}],"predecessor-version":[{"id":357,"href":"http:\/\/stiftung-perspektive-usedom.de\/index.php?rest_route=\/wp\/v2\/pages\/85\/revisions\/357"}],"wp:attachment":[{"href":"http:\/\/stiftung-perspektive-usedom.de\/index.php?rest_route=%2Fwp%2Fv2%2Fmedia&parent=85"}],"curies":[{"name":"wp","href":"https:\/\/api.w.org\/{rel}","templated":true}]}}