{"id":55,"date":"2018-01-16T15:02:43","date_gmt":"2018-01-16T15:02:43","guid":{"rendered":"http:\/\/stiftung-perspektive-usedom.de\/?page_id=55"},"modified":"2019-10-19T16:09:52","modified_gmt":"2019-10-19T16:09:52","slug":"ziele","status":"publish","type":"page","link":"https:\/\/stiftung-perspektive-usedom.de\/?page_id=55","title":{"rendered":"Ziele"},"content":{"rendered":"<p>Die Stiftung Perspektive Usedom verfolgt ausschlie\u00dflich gemeinn\u00fctzige Ziele.<\/p>\n<p>Gem\u00e4\u00df Stiftungssatzung obliegt der Stiftung folgender Zweck:<\/p>\n<ol>\n<li>Zweck der Stiftung ist die F\u00f6rderung des Natur- und Artenschutzes (i. S. v. \u00a7 52 Absatz 2 Nr. 8 und 14 AO), die Verbesserung und F\u00f6rderung der Altenhilfe (i. S. v. \u00a7 52 Absatz 2 Nr. 4 AO) sowie der F\u00f6rderung eines gewaltfreien Lebens (i.S. \u00a7 52 Absatz 2, Nr. 20 AO) miteinander, in dem sozial schw\u00e4chere B\u00fcrger (insbesondere Fl\u00fcchtlinge, Opfer von Straftaten und behinderte Menschen) nicht ausgegrenzt werden (i. S. v. \u00a7 52 Absatz 2, Nr. 10 AO).<\/li>\n<li>Der Stiftungszweck wird insbesondere verwirklicht durch Gew\u00e4hrung von Sach-, Dienst-, Geld- oder sonstigen Leistungen zur Unterst\u00fctzung oder zum Erhalt von Ma\u00dfnahmen<\/li>\n<\/ol>\n<ul>\n<li>die dem Natur- und Artenschutz sowie einer naturvertr\u00e4glichen Landschaftsentwicklung und Landschaftspflege (i.S. v. \u00a7 52 Abs. 2 Nr. 8 u. 14 AO) dienen, insbesondere durch die Entwicklung und F\u00f6rderung von Schutzgebieten, der Unterst\u00fctzung bedrohter Tierarten (indem geeignete Lebensbedingungen geschaffen und gef\u00f6rdert werden) und der Bereitstellung von Informationen zum Natur- und Artenschutz und zur Umweltbildung und Umwelterziehung,<\/li>\n<li>die der Altenhilfe dienen oder \u00e4ltere, meist alleinstehende Menschen vor drohender Vereinsamung bewahren und ihnen ein selbstbestimmtes oder generationen\u00fcbergreifendes Leben miteinander erm\u00f6glichen, wie beispielsweise Betreuung, Begleitung, Pflege, Sterbebegleitung, Organisation von Hausbesuchen oder Veranstaltungen f\u00fcr den vorgenannten Personenkreis (i.S. v. \u00a7 52 Abs. 2 Nr. 4 AO),<\/li>\n<li>die der Vermeidung von Gewalt und Straftaten (i.S. v. \u00a7 52 Abs. 2 Nr. 20 AO) dienen, insbesondere durch Schulungs- und Aufkl\u00e4rungsma\u00dfnahmen,<\/li>\n<li>die zur Vermeidung einer Ausgrenzung von sozial schw\u00e4cheren Menschen (Fl\u00fcchtlinge, Opfer von Straftaten und Behinderte i.S. \u00a7 52 Abs. 2 Nr. 10 AO) dienen, z.B. zur Finanzierung von Zusammenk\u00fcnften, Veranstaltungen oder einer erforderlichen Betreuung.<\/li>\n<\/ul>\n","protected":false},"excerpt":{"rendered":"<p>Die Stiftung Perspektive Usedom verfolgt ausschlie\u00dflich gemeinn\u00fctzige Ziele. Gem\u00e4\u00df Stiftungssatzung obliegt der Stiftung folgender Zweck: Zweck der Stiftung ist die F\u00f6rderung des Natur- und Artenschutzes (i. S. v. \u00a7 52 Absatz 2 Nr. 8 und 14 AO), die Verbesserung und F\u00f6rderung der Altenhilfe (i. S. v. \u00a7 52 Absatz 2 Nr. 4 AO) sowie der <a href=\"https:\/\/stiftung-perspektive-usedom.de\/?page_id=55\" class=\"more-link\">...weiterlesen<span class=\"screen-reader-text\"> \"Ziele\"<\/span><\/a><\/p>\n","protected":false},"author":1,"featured_media":0,"parent":2,"menu_order":0,"comment_status":"closed","ping_status":"closed","template":"page-templates\/full-width.php","meta":{"footnotes":""},"class_list":["post-55","page","type-page","status-publish","h-entry","hentry","h-as-page"],"_links":{"self":[{"href":"https:\/\/stiftung-perspektive-usedom.de\/index.php?rest_route=\/wp\/v2\/pages\/55","targetHints":{"allow":["GET"]}}],"collection":[{"href":"https:\/\/stiftung-perspektive-usedom.de\/index.php?rest_route=\/wp\/v2\/pages"}],"about":[{"href":"https:\/\/stiftung-perspektive-usedom.de\/index.php?rest_route=\/wp\/v2\/types\/page"}],"author":[{"embeddable":true,"href":"https:\/\/stiftung-perspektive-usedom.de\/index.php?rest_route=\/wp\/v2\/users\/1"}],"replies":[{"embeddable":true,"href":"https:\/\/stiftung-perspektive-usedom.de\/index.php?rest_route=%2Fwp%2Fv2%2Fcomments&post=55"}],"version-history":[{"count":8,"href":"https:\/\/stiftung-perspektive-usedom.de\/index.php?rest_route=\/wp\/v2\/pages\/55\/revisions"}],"predecessor-version":[{"id":363,"href":"https:\/\/stiftung-perspektive-usedom.de\/index.php?rest_route=\/wp\/v2\/pages\/55\/revisions\/363"}],"up":[{"embeddable":true,"href":"https:\/\/stiftung-perspektive-usedom.de\/index.php?rest_route=\/wp\/v2\/pages\/2"}],"wp:attachment":[{"href":"https:\/\/stiftung-perspektive-usedom.de\/index.php?rest_route=%2Fwp%2Fv2%2Fmedia&parent=55"}],"curies":[{"name":"wp","href":"https:\/\/api.w.org\/{rel}","templated":true}]}}