{"id":72,"date":"2018-01-16T15:19:20","date_gmt":"2018-01-16T15:19:20","guid":{"rendered":"http:\/\/stiftung-perspektive-usedom.de\/?page_id=72"},"modified":"2019-10-19T16:08:00","modified_gmt":"2019-10-19T16:08:00","slug":"treuhandstiftung","status":"publish","type":"page","link":"https:\/\/stiftung-perspektive-usedom.de\/?page_id=72","title":{"rendered":"Treuhandstiftung"},"content":{"rendered":"<p>Ihnen gef\u00e4llt das Engagement der Stiftung Perspektive Usedom? Sie m\u00f6chten sich selbst engagieren, vielleicht auch im eigenen Namen mit einer eigenen Stiftung?<br \/>\nEine Treuhandstiftung - eine rechtlich unselbstst\u00e4ndige Stiftung - unter dem Dach der Stiftung Perspektive Usedom bietet Ihnen diese M\u00f6glichkeit.<\/p>\n<p>Die Stiftung Perspektive Usedom wirkt dabei als Treuh\u00e4nderin, d.h. wir richten die Stiftung f\u00fcr Sie ein und \u00fcbernehmen die Verwaltungsaufgaben. Das von Ihnen festgelegte Stiftungsverm\u00f6gen wird der Stiftung Perspektive Usedom als Treuh\u00e4nderin anvertraut, die dieses in Ihrem Sinne verwaltet. Ihr Gr\u00fcndungsverm\u00f6gen bleibt getrennt vom Verm\u00f6gen der Dachstiftung.<br \/>\nIn einer eigenen Treuhandstiftung kommen Ihre Wertvorstellungen und Ihre Pers\u00f6nlichkeit zum Ausdruck. Sie k\u00f6nnen hierbei auch Einfluss auf die Verwendung der Mittel Ihrer Stiftung im Rahmen der satzungsm\u00e4\u00dfigen Aktivit\u00e4ten der Dachstiftung nehmen und so auch selbst \u00fcber die Ausgaben Ihrer Stiftung entscheiden.<br \/>\nIhre Stiftung basiert auf einer Stiftungssatzung und einem Treuhandvertrag, den Sie mit der Stiftung Perspektive Usedom abschlie\u00dfen und in dem genau festgelegt wird, was mit den Ertr\u00e4gen Ihrer Stiftung geschehen soll.<\/p>\n<p>Wir errichten f\u00fcr Sie eine Treuhandstiftung ab einen Grundstockverm\u00f6gen von EUR 25.000.<\/p>\n<p>Die Treuhandstiftung ist ein guter Weg, um sich langfristig zu engagieren, auch unter dem eigenen Namen. Wir beraten Sie gerne \u00fcber die M\u00f6glichkeiten einer Zusammenarbeit.<\/p>\n","protected":false},"excerpt":{"rendered":"<p>Ihnen gef\u00e4llt das Engagement der Stiftung Perspektive Usedom? Sie m\u00f6chten sich selbst engagieren, vielleicht auch im eigenen Namen mit einer eigenen Stiftung? Eine Treuhandstiftung - eine rechtlich unselbstst\u00e4ndige Stiftung - unter dem Dach der Stiftung Perspektive Usedom bietet Ihnen diese M\u00f6glichkeit. Die Stiftung Perspektive Usedom wirkt dabei als Treuh\u00e4nderin, d.h. wir richten die Stiftung f\u00fcr <a href=\"https:\/\/stiftung-perspektive-usedom.de\/?page_id=72\" class=\"more-link\">...weiterlesen<span class=\"screen-reader-text\"> \"Treuhandstiftung\"<\/span><\/a><\/p>\n","protected":false},"author":1,"featured_media":0,"parent":66,"menu_order":0,"comment_status":"closed","ping_status":"closed","template":"page-templates\/full-width.php","meta":{"footnotes":""},"class_list":["post-72","page","type-page","status-publish","h-entry","hentry","h-as-page"],"_links":{"self":[{"href":"https:\/\/stiftung-perspektive-usedom.de\/index.php?rest_route=\/wp\/v2\/pages\/72","targetHints":{"allow":["GET"]}}],"collection":[{"href":"https:\/\/stiftung-perspektive-usedom.de\/index.php?rest_route=\/wp\/v2\/pages"}],"about":[{"href":"https:\/\/stiftung-perspektive-usedom.de\/index.php?rest_route=\/wp\/v2\/types\/page"}],"author":[{"embeddable":true,"href":"https:\/\/stiftung-perspektive-usedom.de\/index.php?rest_route=\/wp\/v2\/users\/1"}],"replies":[{"embeddable":true,"href":"https:\/\/stiftung-perspektive-usedom.de\/index.php?rest_route=%2Fwp%2Fv2%2Fcomments&post=72"}],"version-history":[{"count":6,"href":"https:\/\/stiftung-perspektive-usedom.de\/index.php?rest_route=\/wp\/v2\/pages\/72\/revisions"}],"predecessor-version":[{"id":360,"href":"https:\/\/stiftung-perspektive-usedom.de\/index.php?rest_route=\/wp\/v2\/pages\/72\/revisions\/360"}],"up":[{"embeddable":true,"href":"https:\/\/stiftung-perspektive-usedom.de\/index.php?rest_route=\/wp\/v2\/pages\/66"}],"wp:attachment":[{"href":"https:\/\/stiftung-perspektive-usedom.de\/index.php?rest_route=%2Fwp%2Fv2%2Fmedia&parent=72"}],"curies":[{"name":"wp","href":"https:\/\/api.w.org\/{rel}","templated":true}]}}